{"id":328,"date":"2014-11-20T18:40:36","date_gmt":"2014-11-20T16:40:36","guid":{"rendered":"http:\/\/www.pflegestufe.com\/pflege\/?page_id=328"},"modified":"2018-08-24T10:57:15","modified_gmt":"2018-08-24T08:57:15","slug":"leitsatz-philosophie","status":"publish","type":"page","link":"https:\/\/www.pflegestufe.com\/pflege\/leitsatz-philosophie\/","title":{"rendered":"Leitsatz \/ Philosophie"},"content":{"rendered":"<div class=\"fusion-fullwidth fullwidth-box fusion-builder-row-1 nonhundred-percent-fullwidth non-hundred-percent-height-scrolling\" style=\"--awb-background-position:left top;--awb-border-radius-top-left:0px;--awb-border-radius-top-right:0px;--awb-border-radius-bottom-right:0px;--awb-border-radius-bottom-left:0px;--awb-padding-top:0px;--awb-padding-right:0px;--awb-padding-bottom:0px;--awb-padding-left:0px;--awb-background-color:no;--awb-border-sizes-top:0px;--awb-border-sizes-bottom:0px;--awb-flex-wrap:wrap;\" ><div class=\"fusion-builder-row fusion-row\"><div class=\"fusion-layout-column fusion_builder_column fusion-builder-column-0 fusion_builder_column_1_1 1_1 fusion-one-full fusion-column-first fusion-column-last fusion-column-no-min-height\" style=\"--awb-bg-size:cover;--awb-margin-bottom:0px;\"><div class=\"fusion-column-wrapper fusion-flex-column-wrapper-legacy\"><div class=\"fusion-title title fusion-title-1 fusion-title-text fusion-title-size-one\" style=\"--awb-margin-top-small:10px;--awb-margin-right-small:0px;--awb-margin-bottom-small:10px;--awb-margin-left-small:0px;\"><h1 class=\"fusion-title-heading title-heading-left\" style=\"margin:0;\">Unsere Kernkompetenz<\/h1><span class=\"awb-title-spacer\"><\/span><div class=\"title-sep-container\"><div class=\"title-sep sep-single sep-solid\" style=\"border-color:#e0dede;\"><\/div><\/div><\/div><div class=\"fusion-text fusion-text-1\"><p>Das ist die neutrale und bundeseinheitliche Pflegeberatung f\u00fcr pflegende Angeh\u00f6rige und pflegebed\u00fcrftigen Personen. Dabei ermitteln wir bei Bedarf zun\u00e4chst den Pflegebedarf und unterst\u00fctzen beim Antrag auf Erteilung oder Erh\u00f6hung der Pflegestufe bei der zust\u00e4ndigen Pflegekasse. Sie erhalten eine genaue Aufstellung der Punkte, die bei der Begutachtung durch den Medizinischen Dienst der Krankenkassen(MDK), den Medizischen Dienst der Privaten Krankenversicherer (MEDICPROOF) und der Bundesknappschaft relevant sind.<\/p>\n<p>Sollte es zu einer Ablehnung der Pflegestufe durch eine Pflegekasse oder der Bundesknappschaft kommen, unterst\u00fctzen wir Sie beim Widerspruchsverfahren. Sie legen dazu fristgerecht den formlosen Widerspruch bei Ihrer Pflegekasse ein und wir erstellen Ihnen ein fachliches Gegengutachten nach den Grunds\u00e4tzen und Regeln der Begutachtungsrichtlinien des GKV-Spitzenverbandes der Pflegekassen.<\/p>\n<\/div><div class=\"fusion-sep-clear\"><\/div><div class=\"fusion-separator fusion-full-width-sep\" style=\"margin-left: auto;margin-right: auto;margin-top:25px;width:100%;\"><\/div><div class=\"fusion-sep-clear\"><\/div><div class=\"fusion-clearfix\"><\/div><\/div><\/div><div class=\"fusion-layout-column fusion_builder_column fusion-builder-column-1 fusion_builder_column_1_1 1_1 fusion-one-full fusion-column-first fusion-column-last fusion-column-no-min-height\" style=\"--awb-bg-size:cover;--awb-margin-bottom:0px;\"><div class=\"fusion-column-wrapper fusion-flex-column-wrapper-legacy\"><div class=\"fusion-title title fusion-title-2 fusion-title-text fusion-title-size-one\" style=\"--awb-margin-top-small:10px;--awb-margin-right-small:0px;--awb-margin-bottom-small:10px;--awb-margin-left-small:0px;\"><h1 class=\"fusion-title-heading title-heading-left\" style=\"margin:0;\">Verbesserung der Pflegesituation<\/h1><span class=\"awb-title-spacer\"><\/span><div class=\"title-sep-container\"><div class=\"title-sep sep-single sep-solid\" style=\"border-color:#e0dede;\"><\/div><\/div><\/div><div class=\"fusion-text fusion-text-2\"><p>Wir m\u00f6chten mit unserer Arbeit gern dazu beitragen, dass sich die Pflegesituation in Deutschland verbessert! Dazu ist es unter anderem notwendig, dass pflegebed\u00fcrftige Personen in eine gerechtfertigte Pflegestufe eingestuft werden. Nicht der Mangel an fachlicher Kompetenz ist die Herausforderung im Pflegesystem, sondern der Mangel an Unabh\u00e4ngigkeit und daraus entstehender Willk\u00fcr.<\/p>\n<\/div><div class=\"fusion-sep-clear\"><\/div><div class=\"fusion-separator fusion-full-width-sep\" style=\"margin-left: auto;margin-right: auto;margin-top:25px;width:100%;\"><\/div><div class=\"fusion-sep-clear\"><\/div><div class=\"fusion-clearfix\"><\/div><\/div><\/div><div class=\"fusion-layout-column fusion_builder_column fusion-builder-column-2 fusion_builder_column_1_1 1_1 fusion-one-full fusion-column-first fusion-column-last fusion-column-no-min-height\" style=\"--awb-bg-size:cover;--awb-margin-bottom:0px;\"><div class=\"fusion-column-wrapper fusion-flex-column-wrapper-legacy\"><div class=\"fusion-title title fusion-title-3 fusion-title-text fusion-title-size-one\" style=\"--awb-margin-top-small:10px;--awb-margin-right-small:0px;--awb-margin-bottom-small:10px;--awb-margin-left-small:0px;\"><h1 class=\"fusion-title-heading title-heading-left\" style=\"margin:0;\">Unterst\u00fctzung von pflegenden Angeh\u00f6rigen<\/h1><span class=\"awb-title-spacer\"><\/span><div class=\"title-sep-container\"><div class=\"title-sep sep-single sep-solid\" style=\"border-color:#e0dede;\"><\/div><\/div><\/div><div class=\"fusion-text fusion-text-3\"><p>Pflegende Angeh\u00f6rige leisten t\u00e4glich zum Teil fast \u00dcbermenschliches und keiner merkt es wirklich oder honoriert es gar. Wir leisten \u00d6ffentlichkeitsarbeit, kl\u00e4ren auf und bieten mit verschiedenen Plattformen, wie zum Beispiel dem Forum f\u00fcr pflegende Angeh\u00f6rige, im Internet Gelegenheit zum Erfahrungsaustausch. Die gr\u00f6\u00dfte Unterst\u00fctzung f\u00fcr pflegende Angeh\u00f6rige ist aber durch die Einstufung in eine gerechtfertigte Pflegestufe m\u00f6glich. Nur mit der richtigen Pflegestufe kann ein pflegender Angeh\u00f6riger durch einen ambulanten Pflegedienst, einer Tagespflegeeinrichtung oder einer Kurzzeitpflege entlastet werden. Nicht selten wird ansonsten ein pflegender Angeh\u00f6riger selbst zum Pflegefall.<\/p>\n<\/div><div class=\"fusion-clearfix\"><\/div><\/div><\/div><\/div><\/div>\n","protected":false},"excerpt":{"rendered":"","protected":false},"author":1,"featured_media":0,"parent":0,"menu_order":0,"comment_status":"open","ping_status":"open","template":"","meta":{"footnotes":""},"class_list":["post-328","page","type-page","status-publish","hentry"],"_links":{"self":[{"href":"https:\/\/www.pflegestufe.com\/pflege\/wp-json\/wp\/v2\/pages\/328","targetHints":{"allow":["GET"]}}],"collection":[{"href":"https:\/\/www.pflegestufe.com\/pflege\/wp-json\/wp\/v2\/pages"}],"about":[{"href":"https:\/\/www.pflegestufe.com\/pflege\/wp-json\/wp\/v2\/types\/page"}],"author":[{"embeddable":true,"href":"https:\/\/www.pflegestufe.com\/pflege\/wp-json\/wp\/v2\/users\/1"}],"replies":[{"embeddable":true,"href":"https:\/\/www.pflegestufe.com\/pflege\/wp-json\/wp\/v2\/comments?post=328"}],"version-history":[{"count":12,"href":"https:\/\/www.pflegestufe.com\/pflege\/wp-json\/wp\/v2\/pages\/328\/revisions"}],"predecessor-version":[{"id":2087,"href":"https:\/\/www.pflegestufe.com\/pflege\/wp-json\/wp\/v2\/pages\/328\/revisions\/2087"}],"wp:attachment":[{"href":"https:\/\/www.pflegestufe.com\/pflege\/wp-json\/wp\/v2\/media?parent=328"}],"curies":[{"name":"wp","href":"https:\/\/api.w.org\/{rel}","templated":true}]}}