{"id":1349,"date":"2015-04-27T18:58:59","date_gmt":"2015-04-27T16:58:59","guid":{"rendered":"http:\/\/www.pflegestufe.com\/pflege\/?page_id=1349"},"modified":"2016-12-15T13:39:14","modified_gmt":"2016-12-15T11:39:14","slug":"sachleistungen","status":"publish","type":"page","link":"https:\/\/www.pflegestufe.com\/pflege\/sachleistungen\/","title":{"rendered":"Sachleistungen"},"content":{"rendered":"<p><div class=\"fusion-fullwidth fullwidth-box fusion-builder-row-1 nonhundred-percent-fullwidth non-hundred-percent-height-scrolling\" style=\"--awb-background-position:left top;--awb-border-radius-top-left:0px;--awb-border-radius-top-right:0px;--awb-border-radius-bottom-right:0px;--awb-border-radius-bottom-left:0px;--awb-padding-top:20px;--awb-padding-right:0px;--awb-padding-bottom:20px;--awb-padding-left:0px;--awb-border-sizes-top:0px;--awb-border-sizes-bottom:0px;--awb-flex-wrap:wrap;\" ><div class=\"fusion-builder-row fusion-row\"><div class=\"fusion-layout-column fusion_builder_column fusion-builder-column-0 fusion_builder_column_1_1 1_1 fusion-one-full fusion-column-first fusion-column-last fusion-column-no-min-height\" style=\"--awb-bg-size:cover;--awb-margin-bottom:0px;\"><div class=\"fusion-column-wrapper fusion-flex-column-wrapper-legacy\"><div class=\"fusion-title title fusion-title-1 fusion-title-text fusion-title-size-two\" style=\"--awb-margin-top-small:10px;--awb-margin-right-small:0px;--awb-margin-bottom-small:10px;--awb-margin-left-small:0px;\"><h2 class=\"fusion-title-heading title-heading-left\" style=\"margin:0;\">Sachleistungen der Pflegekassen<\/h2><span class=\"awb-title-spacer\"><\/span><div class=\"title-sep-container\"><div class=\"title-sep sep-double sep-solid\" style=\"border-color:#e0dede;\"><\/div><\/div><\/div><div class=\"fusion-text fusion-text-1\"><p>Die Leistungsart &#8220;Sachleistungen&#8221; ist immer dann auszuw\u00e4hlen, wenn die Pflege im h\u00e4uslichen Umfeld\u00a0in erster\u00a0Linie\u00a0durch einen ambulanten Pflegedienst durchgef\u00fchrt werden soll. Sachleistungen werden immer direkt vom Pflegedienst (Leistungserbringer) mit der Pflegekasse abgerechnet und k\u00f6nnen nicht als Pflegegeld ausgezahlt werden.<\/p>\n<p>Es ist auch nicht m\u00f6glich die Sachleistungen der Pflegekassen f\u00fcr die Inanspruchnahme einer 24-Stunden-Pflegekraft aus z. B. Osteuropa einzusetzen.<\/p>\n<p>Damit die Sachleistungen mit der Pflegekasse abgerechnet werden k\u00f6nnen, muss der Leistungserbringer (meistens ein Pflegedienst) n\u00e4mlich ein sogenanntes Institutionskennzeichen (IK-Nummer) haben, also eine Kassenzulassung haben.<\/p>\n<p>Ohne die Unterst\u00fctzung eines pflegenden Angeh\u00f6rigen geht es im Normalfall trotzdem nicht, aber die Sachleistungen werden in diesen F\u00e4llen in jedem Fall vollst\u00e4ndig oder fast vollst\u00e4ndig ausgesch\u00f6pft.<\/p>\n<p>Bei einem l\u00e4ngeren Aufenthalt im Ausland, als bis zu maximal sechs Wochen pro Kalenderjahr, werden keine Sachleistungen von der Pflegekassen \u00fcbernommen.<\/p>\n<p>Wenn Sie der Pflegekasse im <a href=\"https:\/\/www.pflegestufe.com\/pflege\/pflegeantrag\/\">Pflegeantrag<\/a> mitteilen, dass Sie als Leistungsart Sachleistungen in Anspruch nehmen wollen, ist dies keine Entscheidung, die Sie nicht sp\u00e4ter \u00e4ndern k\u00f6nnen. Dies ist n\u00e4mlich jederzeit m\u00f6glich.<\/p>\n<\/div><div class=\"fusion-clearfix\"><\/div><\/div><\/div><\/div><\/div><div class=\"fusion-fullwidth fullwidth-box fusion-builder-row-2 nonhundred-percent-fullwidth non-hundred-percent-height-scrolling\" style=\"--awb-background-position:left top;--awb-border-radius-top-left:0px;--awb-border-radius-top-right:0px;--awb-border-radius-bottom-right:0px;--awb-border-radius-bottom-left:0px;--awb-padding-top:20px;--awb-padding-right:0px;--awb-padding-bottom:20px;--awb-padding-left:0px;--awb-border-sizes-top:0px;--awb-border-sizes-bottom:0px;--awb-flex-wrap:wrap;\" ><div class=\"fusion-builder-row fusion-row\"><div class=\"fusion-layout-column fusion_builder_column fusion-builder-column-1 fusion_builder_column_1_1 1_1 fusion-one-full fusion-column-first fusion-column-last fusion-column-no-min-height\" style=\"--awb-bg-size:cover;--awb-margin-bottom:0px;\"><div class=\"fusion-column-wrapper fusion-flex-column-wrapper-legacy\"><div class=\"fusion-title title fusion-title-2 fusion-title-text fusion-title-size-two\" style=\"--awb-margin-top-small:10px;--awb-margin-right-small:0px;--awb-margin-bottom-small:10px;--awb-margin-left-small:0px;\"><h2 class=\"fusion-title-heading title-heading-left\" style=\"margin:0;\">Sachleistungen der Pflegekassen 2015<\/h2><span class=\"awb-title-spacer\"><\/span><div class=\"title-sep-container\"><div class=\"title-sep sep-double sep-solid\" style=\"border-color:#e0dede;\"><\/div><\/div><\/div><div class=\"fusion-clearfix\"><\/div><\/div><\/div><div class=\"fusion-layout-column fusion_builder_column fusion-builder-column-2 fusion_builder_column_1_1 1_1 fusion-one-full fusion-column-first fusion-column-last fusion-column-no-min-height\" style=\"--awb-bg-size:cover;--awb-margin-bottom:0px;\"><div class=\"fusion-column-wrapper fusion-flex-column-wrapper-legacy\"><div class=\"fusion-title title fusion-title-3 fusion-title-text fusion-title-size-three\" style=\"--awb-margin-top-small:10px;--awb-margin-right-small:0px;--awb-margin-bottom-small:10px;--awb-margin-left-small:0px;\"><h3 class=\"fusion-title-heading title-heading-left\" style=\"margin:0;\">Sachleistungen 2015 als Tabelle<\/h3><span class=\"awb-title-spacer\"><\/span><div class=\"title-sep-container\"><div class=\"title-sep sep-double sep-solid\" style=\"border-color:#e0dede;\"><\/div><\/div><\/div><div class=\"fusion-text fusion-text-2\"><div class=\"table-1\">\n<table width=\"100%\">\n<thead>\n<tr>\n<th align=\"left\">Stufe der Pflegebed\u00fcrftigkeit<\/th>\n<th align=\"left\">Sachleistungen 2015<\/th>\n<\/tr>\n<\/thead>\n<tbody>\n<tr>\n<td>Pflegestufe 0 (mit Demenz)<\/td>\n<td>231 Euro<\/td>\n<\/tr>\n<tr>\n<td>Pflegestufe I (ohne Demenz)<\/td>\n<td>468 Euro<\/td>\n<\/tr>\n<tr>\n<td>Pflegestufe I (mit Demenz)<\/td>\n<td>689 Euro<\/td>\n<\/tr>\n<tr>\n<td>Pflegestufe II (ohne Demenz)<\/td>\n<td>1.144 Euro<\/td>\n<\/tr>\n<tr>\n<td>Pflegestufe II (mit Demenz)<\/td>\n<td>1.298 Euro<\/td>\n<\/tr>\n<tr>\n<td>Pflegestufe III (ohne Demenz)<\/td>\n<td>1.612 Euro<\/td>\n<\/tr>\n<tr>\n<td>Pflegestufe III (mit Demenz)<\/td>\n<td>1.612 Euro<\/td>\n<\/tr>\n<tr>\n<td>H\u00e4rtefall (ohne Demenz)<\/td>\n<td>1.995 Euro<\/td>\n<\/tr>\n<tr>\n<td>H\u00e4rtefall (mit Demenz)<\/td>\n<td>1.995 Euro<\/td>\n<\/tr>\n<\/tbody>\n<\/table>\n<\/div>\n<\/div><div class=\"fusion-clearfix\"><\/div><\/div><\/div><\/div><\/div><div class=\"fusion-fullwidth fullwidth-box fusion-builder-row-3 nonhundred-percent-fullwidth non-hundred-percent-height-scrolling\" style=\"--awb-background-position:left top;--awb-border-radius-top-left:0px;--awb-border-radius-top-right:0px;--awb-border-radius-bottom-right:0px;--awb-border-radius-bottom-left:0px;--awb-padding-top:20px;--awb-padding-right:0px;--awb-padding-bottom:20px;--awb-padding-left:0px;--awb-border-sizes-top:0px;--awb-border-sizes-bottom:0px;--awb-flex-wrap:wrap;\" ><div class=\"fusion-builder-row fusion-row\"><div class=\"fusion-layout-column fusion_builder_column fusion-builder-column-3 fusion_builder_column_1_1 1_1 fusion-one-full fusion-column-first fusion-column-last fusion-column-no-min-height\" style=\"--awb-bg-size:cover;--awb-margin-bottom:0px;\"><div class=\"fusion-column-wrapper fusion-flex-column-wrapper-legacy\"><div class=\"fusion-title title fusion-title-4 fusion-title-text fusion-title-size-three\" style=\"--awb-margin-top-small:10px;--awb-margin-right-small:0px;--awb-margin-bottom-small:10px;--awb-margin-left-small:0px;\"><h3 class=\"fusion-title-heading title-heading-left\" style=\"margin:0;\">Sachleistungen 2015 als Diagramm<\/h3><span class=\"awb-title-spacer\"><\/span><div class=\"title-sep-container\"><div class=\"title-sep sep-double sep-solid\" style=\"border-color:#e0dede;\"><\/div><\/div><\/div><div class=\"fusion-image-element fusion-image-align-center in-legacy-container\" style=\"text-align:center;--awb-caption-title-font-family:var(--h2_typography-font-family);--awb-caption-title-font-weight:var(--h2_typography-font-weight);--awb-caption-title-font-style:var(--h2_typography-font-style);--awb-caption-title-size:var(--h2_typography-font-size);--awb-caption-title-transform:var(--h2_typography-text-transform);--awb-caption-title-line-height:var(--h2_typography-line-height);--awb-caption-title-letter-spacing:var(--h2_typography-letter-spacing);\"><div class=\"imageframe-align-center\"><span class=\" fusion-imageframe imageframe-none imageframe-1 hover-type-none\"><img decoding=\"async\" width=\"960\" height=\"661\" alt=\"Die Sachleistungen 2015 je Pflegestufe als Diagramm\" title=\"Sachleistungen 2015\" src=\"https:\/\/www.pflegestufe.com\/pflege\/wp-content\/uploads\/2015\/04\/image004.png\" class=\"img-responsive wp-image-1360\" srcset=\"https:\/\/www.pflegestufe.com\/pflege\/wp-content\/uploads\/2015\/04\/image004-300x207.png 300w, https:\/\/www.pflegestufe.com\/pflege\/wp-content\/uploads\/2015\/04\/image004.png 960w\" sizes=\"(max-width: 960px) 100vw, 960px\" \/><\/span><\/div><\/div><div class=\"fusion-clearfix\"><\/div><\/div><\/div><\/div><\/div><div class=\"fusion-fullwidth fullwidth-box fusion-builder-row-4 nonhundred-percent-fullwidth non-hundred-percent-height-scrolling\" style=\"--awb-background-position:left top;--awb-border-radius-top-left:0px;--awb-border-radius-top-right:0px;--awb-border-radius-bottom-right:0px;--awb-border-radius-bottom-left:0px;--awb-padding-top:20px;--awb-padding-right:0px;--awb-padding-bottom:20px;--awb-padding-left:0px;--awb-border-sizes-top:0px;--awb-border-sizes-bottom:0px;--awb-flex-wrap:wrap;\" ><div class=\"fusion-builder-row fusion-row\"><div class=\"fusion-layout-column fusion_builder_column fusion-builder-column-4 fusion_builder_column_1_1 1_1 fusion-one-full fusion-column-first fusion-column-last fusion-column-no-min-height\" style=\"--awb-bg-size:cover;--awb-margin-bottom:0px;\"><div class=\"fusion-column-wrapper fusion-flex-column-wrapper-legacy\"><div class=\"fusion-reading-box-container reading-box-container-1\" style=\"--awb-title-color:#607d8b;--awb-margin-top:0px;--awb-margin-bottom:84px;\"><div class=\"reading-box\" style=\"background-color:#f6f6f6;border-width:1px;border-color:#f6f6f6;border-top-width:3px;border-top-color:var(--primary_color);border-style:solid;\"><h2>Kein Beitrag im Internet ersetzt eine fachliche Pflegeberatung!<\/h2><div class=\"reading-box-additional fusion-reading-box-additional\">Wenn Sie Fragen zum beschriebenen Thema haben, rufen Sie die Pflegeexperten des bundesweiten Pflegenetzwerkes an und lassen Sie sich pers\u00f6nlich beraten. Sie erreichen die erfahrenen Pflegeberater (w\/m) unter 0800\/611 611 1 (geb\u00fchrenfrei) am bundesweiten Pflegetelefon. Pflegeberatungen werden kostenlos und unabh\u00e4ngig durchgef\u00fchrt.<\/div><div class=\"fusion-clearfix\"><\/div><\/div><\/div><div class=\"fusion-clearfix\"><\/div><\/div><\/div><\/div><\/div><div class=\"fusion-fullwidth fullwidth-box fusion-builder-row-5 nonhundred-percent-fullwidth non-hundred-percent-height-scrolling\" style=\"--awb-background-position:left top;--awb-border-radius-top-left:0px;--awb-border-radius-top-right:0px;--awb-border-radius-bottom-right:0px;--awb-border-radius-bottom-left:0px;--awb-padding-top:20px;--awb-padding-right:0px;--awb-padding-bottom:20px;--awb-padding-left:0px;--awb-border-sizes-top:0px;--awb-border-sizes-bottom:0px;--awb-flex-wrap:wrap;\" ><div class=\"fusion-builder-row fusion-row\"><div class=\"fusion-layout-column fusion_builder_column fusion-builder-column-5 fusion_builder_column_1_1 1_1 fusion-one-full fusion-column-first fusion-column-last fusion-column-no-min-height\" style=\"--awb-bg-size:cover;--awb-margin-bottom:0px;\"><div class=\"fusion-column-wrapper fusion-flex-column-wrapper-legacy\"><div class=\"fusion-sharing-box fusion-sharing-box-1 has-taglines layout-floated layout-medium-floated layout-small-floated\" style=\"background-color:#f6f6f6;--awb-layout:row;--awb-alignment-small:space-between;\" data-title=\"Sachleistungen\" data-description=\"Die Sachleistungen 2015 werden einfach und \u00fcbersichtlich, mit Tabelle und Diagramm erkl\u00e4rt und die H\u00f6he der Leistungen je Pflegestufe aufgezeigt.\" data-link=\"https:\/\/www.pflegestufe.com\/pflege\/sachleistungen\"><h4 class=\"tagline\" style=\"color:#333333;\">Teilen Sie diesen Artikel mit Freunden!<\/h4><div class=\"fusion-social-networks sharingbox-shortcode-icon-wrapper sharingbox-shortcode-icon-wrapper-1\"><span><a href=\"https:\/\/www.facebook.com\/sharer.php?u=https%3A%2F%2Fwww.pflegestufe.com%2Fpflege%2Fsachleistungen&amp;t=Sachleistungen\" target=\"_blank\" rel=\"noreferrer\" title=\"Facebook\" aria-label=\"Facebook\" data-placement=\"top\" data-toggle=\"tooltip\" data-title=\"Facebook\"><i class=\"fusion-social-network-icon fusion-tooltip fusion-facebook awb-icon-facebook\" style=\"color:#bebdbd;\" aria-hidden=\"true\"><\/i><\/a><\/span><span><a href=\"https:\/\/x.com\/intent\/post?text=Sachleistungen&amp;url=https%3A%2F%2Fwww.pflegestufe.com%2Fpflege%2Fsachleistungen\" target=\"_blank\" rel=\"noopener noreferrer\" title=\"X\" aria-label=\"X\" data-placement=\"top\" data-toggle=\"tooltip\" data-title=\"X\"><i class=\"fusion-social-network-icon fusion-tooltip fusion-twitter awb-icon-twitter\" style=\"color:#bebdbd;\" aria-hidden=\"true\"><\/i><\/a><\/span><span><a href=\"https:\/\/reddit.com\/submit?url=https%3A%2F%2Fwww.pflegestufe.com%2Fpflege%2Fsachleistungen&amp;title=Sachleistungen\" target=\"_blank\" rel=\"noopener noreferrer\" title=\"Reddit\" aria-label=\"Reddit\" data-placement=\"top\" data-toggle=\"tooltip\" data-title=\"Reddit\"><i class=\"fusion-social-network-icon fusion-tooltip fusion-reddit awb-icon-reddit\" style=\"color:#bebdbd;\" aria-hidden=\"true\"><\/i><\/a><\/span><span><a href=\"https:\/\/www.linkedin.com\/shareArticle?mini=true&amp;url=https%3A%2F%2Fwww.pflegestufe.com%2Fpflege%2Fsachleistungen&amp;title=Sachleistungen&amp;summary=Die%20Sachleistungen%202015%20werden%20einfach%20und%20%C3%BCbersichtlich%2C%20mit%20Tabelle%20und%20Diagramm%20erkl%C3%A4rt%20und%20die%20H%C3%B6he%20der%20Leistungen%20je%20Pflegestufe%20aufgezeigt.\" target=\"_blank\" rel=\"noopener noreferrer\" title=\"LinkedIn\" aria-label=\"LinkedIn\" data-placement=\"top\" data-toggle=\"tooltip\" data-title=\"LinkedIn\"><i class=\"fusion-social-network-icon fusion-tooltip fusion-linkedin awb-icon-linkedin\" style=\"color:#bebdbd;\" aria-hidden=\"true\"><\/i><\/a><\/span><span><a href=\"https:\/\/www.tumblr.com\/share\/link?url=https%3A%2F%2Fwww.pflegestufe.com%2Fpflege%2Fsachleistungen&amp;name=Sachleistungen&amp;description=Die%20Sachleistungen%202015%20werden%20einfach%20und%20%C3%BCbersichtlich%2C%20mit%20Tabelle%20und%20Diagramm%20erkl%C3%A4rt%20und%20die%20H%C3%B6he%20der%20Leistungen%20je%20Pflegestufe%20aufgezeigt.\" target=\"_blank\" rel=\"noopener noreferrer\" title=\"Tumblr\" aria-label=\"Tumblr\" data-placement=\"top\" data-toggle=\"tooltip\" data-title=\"Tumblr\"><i class=\"fusion-social-network-icon fusion-tooltip fusion-tumblr awb-icon-tumblr\" style=\"color:#bebdbd;\" aria-hidden=\"true\"><\/i><\/a><\/span><span><a href=\"https:\/\/pinterest.com\/pin\/create\/button\/?url=https%3A%2F%2Fwww.pflegestufe.com%2Fpflege%2Fsachleistungen&amp;description=Die%20Sachleistungen%202015%20werden%20einfach%20und%20%C3%BCbersichtlich%2C%20mit%20Tabelle%20und%20Diagramm%20erkl%C3%A4rt%20und%20die%20H%C3%B6he%20der%20Leistungen%20je%20Pflegestufe%20aufgezeigt.&amp;media=\" target=\"_blank\" rel=\"noopener noreferrer\" title=\"Pinterest\" aria-label=\"Pinterest\" data-placement=\"top\" data-toggle=\"tooltip\" data-title=\"Pinterest\"><i class=\"fusion-social-network-icon fusion-tooltip fusion-pinterest awb-icon-pinterest\" style=\"color:#bebdbd;\" aria-hidden=\"true\"><\/i><\/a><\/span><span><a href=\"https:\/\/vkontakte.ru\/share.php?url=https%3A%2F%2Fwww.pflegestufe.com%2Fpflege%2Fsachleistungen&amp;title=Sachleistungen&amp;description=Die%20Sachleistungen%202015%20werden%20einfach%20und%20%C3%BCbersichtlich%2C%20mit%20Tabelle%20und%20Diagramm%20erkl%C3%A4rt%20und%20die%20H%C3%B6he%20der%20Leistungen%20je%20Pflegestufe%20aufgezeigt.\" target=\"_blank\" rel=\"noopener noreferrer\" title=\"Vk\" aria-label=\"Vk\" data-placement=\"top\" data-toggle=\"tooltip\" data-title=\"Vk\"><i class=\"fusion-social-network-icon fusion-tooltip fusion-vk awb-icon-vk\" style=\"color:#bebdbd;\" aria-hidden=\"true\"><\/i><\/a><\/span><span><a href=\"mailto:?subject=Sachleistungen&amp;body=https%3A%2F%2Fwww.pflegestufe.com%2Fpflege%2Fsachleistungen\" target=\"_self\" title=\"E-Mail\" aria-label=\"E-Mail\" data-placement=\"top\" data-toggle=\"tooltip\" data-title=\"E-Mail\"><i class=\"fusion-social-network-icon fusion-tooltip fusion-mail awb-icon-mail\" style=\"color:#bebdbd;\" aria-hidden=\"true\"><\/i><\/a><\/span><\/div><\/div><div class=\"fusion-clearfix\"><\/div><\/div><\/div><\/div><\/div><\/p>\n","protected":false},"excerpt":{"rendered":"","protected":false},"author":2,"featured_media":0,"parent":0,"menu_order":0,"comment_status":"open","ping_status":"open","template":"","meta":{"footnotes":""},"class_list":["post-1349","page","type-page","status-publish","hentry"],"_links":{"self":[{"href":"https:\/\/www.pflegestufe.com\/pflege\/wp-json\/wp\/v2\/pages\/1349","targetHints":{"allow":["GET"]}}],"collection":[{"href":"https:\/\/www.pflegestufe.com\/pflege\/wp-json\/wp\/v2\/pages"}],"about":[{"href":"https:\/\/www.pflegestufe.com\/pflege\/wp-json\/wp\/v2\/types\/page"}],"author":[{"embeddable":true,"href":"https:\/\/www.pflegestufe.com\/pflege\/wp-json\/wp\/v2\/users\/2"}],"replies":[{"embeddable":true,"href":"https:\/\/www.pflegestufe.com\/pflege\/wp-json\/wp\/v2\/comments?post=1349"}],"version-history":[{"count":1,"href":"https:\/\/www.pflegestufe.com\/pflege\/wp-json\/wp\/v2\/pages\/1349\/revisions"}],"predecessor-version":[{"id":1361,"href":"https:\/\/www.pflegestufe.com\/pflege\/wp-json\/wp\/v2\/pages\/1349\/revisions\/1361"}],"wp:attachment":[{"href":"https:\/\/www.pflegestufe.com\/pflege\/wp-json\/wp\/v2\/media?parent=1349"}],"curies":[{"name":"wp","href":"https:\/\/api.w.org\/{rel}","templated":true}]}}